{"id":391,"date":"2021-09-13T14:18:15","date_gmt":"2021-09-13T12:18:15","guid":{"rendered":"https:\/\/www.carlaeusebi.com\/work\/?page_id=391"},"modified":"2021-09-20T17:22:44","modified_gmt":"2021-09-20T15:22:44","slug":"cerimonia","status":"publish","type":"page","link":"https:\/\/www.carlaeusebi.com\/en\/cerimonia\/","title":{"rendered":"Cerimonia"},"content":{"rendered":"<div data-vc-full-width=\"true\" data-vc-full-width-init=\"false\" data-vc-stretch-content=\"true\" class=\"vc_row wpb_row vc_row-fluid vc_custom_1631289502732\"><div class=\"wpb_column vc_column_container vc_col-sm-12\"><div class=\"vc_column-inner\"><div class=\"wpb_wrapper\"><!-- vc_grid start -->\n<div class=\"vc_grid-container-wrapper vc_clearfix\" >\n\t<div class=\"vc_grid-container vc_clearfix wpb_content_element vc_masonry_media_grid\" data-initial-loading-animation=\"fadeIn\" data-vc-grid-settings=\"{&quot;page_id&quot;:391,&quot;style&quot;:&quot;all-masonry&quot;,&quot;action&quot;:&quot;vc_get_vc_grid_data&quot;,&quot;shortcode_id&quot;:&quot;1632151285459-503b938d-49bb-9&quot;,&quot;tag&quot;:&quot;vc_masonry_media_grid&quot;}\" data-vc-request=\"https:\/\/www.carlaeusebi.com\/work\/wp-admin\/admin-ajax.php\" data-vc-post-id=\"391\" data-vc-public-nonce=\"19da574ae3\">\n\t\t\t<\/div>\n<\/div><!-- vc_grid end -->\n<\/div><\/div><\/div><\/div><div class=\"vc_row-full-width vc_clearfix\"><\/div><div class=\"vc_row wpb_row vc_row-fluid\"><div class=\"wpb_column vc_column_container vc_col-sm-12\"><div class=\"vc_column-inner\"><div class=\"wpb_wrapper\">\n\t<div class=\"wpb_text_column wpb_content_element\" >\n\t\t<div class=\"wpb_wrapper\">\n\t\t\t<p><img loading=\"lazy\" decoding=\"async\" class=\"alignnone wp-image-287 aligncenter\" src=\"https:\/\/www.carlaeusebi.com\/work\/wp-content\/uploads\/2021\/09\/farfalla-singola.png\" alt=\"\" width=\"75\" height=\"75\" srcset=\"https:\/\/www.carlaeusebi.com\/work\/wp-content\/uploads\/2021\/09\/farfalla-singola.png 150w, https:\/\/www.carlaeusebi.com\/work\/wp-content\/uploads\/2021\/09\/farfalla-singola-24x24.png 24w, https:\/\/www.carlaeusebi.com\/work\/wp-content\/uploads\/2021\/09\/farfalla-singola-36x36.png 36w, https:\/\/www.carlaeusebi.com\/work\/wp-content\/uploads\/2021\/09\/farfalla-singola-48x48.png 48w\" sizes=\"auto, (max-width: 639px) 98vw, (max-width: 1199px) 64vw, 75px\" \/><\/p>\n<h1 style=\"font-family: 'Source Code Pro'; letter-spacing: 6px; font-weight: 500; font-size: x-large; text-align: center;\">THE PERFECT GUEST<\/h1>\n<hr style=\"height: 10px; border-width: 0; color: #b0aea2; background-color: #b0aea2; border-radius: 2px; width: 70%;\" \/>\n\n\t\t<\/div>\n\t<\/div>\n<\/div><\/div><\/div><\/div><div class=\"vc_row wpb_row vc_row-fluid vc_custom_1631516649150\"><div class=\"wpb_column vc_column_container vc_col-sm-6\"><div class=\"vc_column-inner\"><div class=\"wpb_wrapper\">\n\t<div class=\"wpb_text_column wpb_content_element\" >\n\t\t<div class=\"wpb_wrapper\">\n\t\t\t<p style=\"font-family: 'Source Code Pro'; letter-spacing: 0px; font-weight: 500; font-size: 16px;\">In the evening, it turns on its lights full of romanticism, elegance spreads its sweet notes and women can shine in breathtaking dresses made for them ...<\/p>\n<p style=\"font-family: 'Lato'; font-size: 16px;\">Fashion drawing is an art form.<br \/>\nEach idea takes shape from the stylist's sketch; there is contained his personality and all his creativity.<\/p>\n\n\t\t<\/div>\n\t<\/div>\n<\/div><\/div><\/div><div class=\"wpb_column vc_column_container vc_col-sm-6\"><div class=\"vc_column-inner\"><div class=\"wpb_wrapper\">\n\t<div class=\"wpb_text_column wpb_content_element\" >\n\t\t<div class=\"wpb_wrapper\">\n\t\t\t<p style=\"font-family: 'Lato'; font-size: 16px;\">The stylist is a painter who works with his canvas. The proportions of the body, the design of a drapery, the folds of a skirt, slowly everything comes to life!<\/p>\n<p>Drawing relaxes me, it is a way to capture an idea, as a singer-songwriter does with his song, and it is also my business card, my winning card, because in a moment I can show you the dress that is only waiting for you, trust my creativity!<\/p>\n<p><img loading=\"lazy\" decoding=\"async\" class=\"wp-image-764 alignright\" src=\"https:\/\/www.carlaeusebi.com\/work\/wp-content\/uploads\/2021\/09\/Firma-300x165.jpeg\" alt=\"\" width=\"150\" height=\"82\" srcset=\"https:\/\/www.carlaeusebi.com\/work\/wp-content\/uploads\/2021\/09\/Firma-300x165.jpeg 300w, https:\/\/www.carlaeusebi.com\/work\/wp-content\/uploads\/2021\/09\/Firma-640x352.jpeg 640w, https:\/\/www.carlaeusebi.com\/work\/wp-content\/uploads\/2021\/09\/Firma-24x13.jpeg 24w, https:\/\/www.carlaeusebi.com\/work\/wp-content\/uploads\/2021\/09\/Firma-36x20.jpeg 36w, https:\/\/www.carlaeusebi.com\/work\/wp-content\/uploads\/2021\/09\/Firma-48x26.jpeg 48w, https:\/\/www.carlaeusebi.com\/work\/wp-content\/uploads\/2021\/09\/Firma.jpeg 766w\" sizes=\"auto, (max-width: 639px) 98vw, (max-width: 1199px) 64vw, 150px\" \/><\/p>\n\n\t\t<\/div>\n\t<\/div>\n<\/div><\/div><\/div><\/div>","protected":false},"excerpt":{"rendered":"L'INVITATA PERFETTA La sera accende le sue luci piene di romanticismo, l\u2019eleganza diffonde le sue dolci note e le donne possono risplendere in abiti mozzafiato realizzati per loro... Il disegno di moda \u00e8 una forma d'arte. Ogni idea prende forma dallo schizzo dello stilista; l\u00ec \u00e8 racchiusa la sua personalit\u00e0 e tutta la sua creativit\u00e0 [...]","protected":false},"author":1,"featured_media":0,"parent":0,"menu_order":0,"comment_status":"closed","ping_status":"open","template":"","meta":{"inline_featured_image":false,"_mi_skip_tracking":false,"_monsterinsights_sitenote_active":false,"_monsterinsights_sitenote_note":"","_monsterinsights_sitenote_category":0,"footnotes":""},"class_list":["post-391","page","type-page","status-publish","hentry"],"yoast_head":"<!-- This site is optimized with the Yoast SEO plugin v21.0 - https:\/\/yoast.com\/wordpress\/plugins\/seo\/ -->\n<title>Collezione cerimonia | Carla Eusebi - Sartoria su misura<\/title>\n<meta name=\"description\" content=\"Il disegno di moda \u00e8 una forma d\u2019arte. Ogni idea prende forma dallo schizzo dello stilista; l\u00ec \u00e8 racchiusa la sua personalit\u00e0 e tutta la sua creativit\u00e0.\" \/>\n<meta name=\"robots\" content=\"index, follow, max-snippet:-1, max-image-preview:large, max-video-preview:-1\" \/>\n<link rel=\"canonical\" href=\"https:\/\/www.carlaeusebi.com\/en\/cerimonia\/\" \/>\n<meta property=\"og:locale\" content=\"en_GB\" \/>\n<meta property=\"og:type\" content=\"article\" \/>\n<meta property=\"og:title\" content=\"Collezione cerimonia | Carla Eusebi - Sartoria su misura\" \/>\n<meta property=\"og:description\" content=\"Il disegno di moda \u00e8 una forma d\u2019arte. Ogni idea prende forma dallo schizzo dello stilista; l\u00ec \u00e8 racchiusa la sua personalit\u00e0 e tutta la sua creativit\u00e0.\" \/>\n<meta property=\"og:url\" content=\"https:\/\/www.carlaeusebi.com\/en\/cerimonia\/\" \/>\n<meta property=\"og:site_name\" content=\"Carla Eusebi\" \/>\n<meta property=\"article:modified_time\" content=\"2021-09-20T15:22:44+00:00\" \/>\n<meta property=\"og:image\" content=\"https:\/\/www.carlaeusebi.com\/work\/wp-content\/uploads\/2021\/09\/farfalla-singola.png\" \/>\n<meta name=\"twitter:card\" content=\"summary_large_image\" \/>\n<meta name=\"twitter:label1\" content=\"Estimated reading time\" \/>\n\t<meta name=\"twitter:data1\" content=\"1 minute\" \/>\n<script type=\"application\/ld+json\" class=\"yoast-schema-graph\">{\"@context\":\"https:\/\/schema.org\",\"@graph\":[{\"@type\":\"WebPage\",\"@id\":\"https:\/\/www.carlaeusebi.com\/cerimonia\/\",\"url\":\"https:\/\/www.carlaeusebi.com\/cerimonia\/\",\"name\":\"Collezione cerimonia | Carla Eusebi - Sartoria su misura\",\"isPartOf\":{\"@id\":\"https:\/\/www.carlaeusebi.com\/en\/#website\"},\"datePublished\":\"2021-09-13T12:18:15+00:00\",\"dateModified\":\"2021-09-20T15:22:44+00:00\",\"description\":\"Il disegno di moda \u00e8 una forma d\u2019arte. Ogni idea prende forma dallo schizzo dello stilista; l\u00ec \u00e8 racchiusa la sua personalit\u00e0 e tutta la sua creativit\u00e0.\",\"breadcrumb\":{\"@id\":\"https:\/\/www.carlaeusebi.com\/cerimonia\/#breadcrumb\"},\"inLanguage\":\"en-GB\",\"potentialAction\":[{\"@type\":\"ReadAction\",\"target\":[\"https:\/\/www.carlaeusebi.com\/cerimonia\/\"]}]},{\"@type\":\"BreadcrumbList\",\"@id\":\"https:\/\/www.carlaeusebi.com\/cerimonia\/#breadcrumb\",\"itemListElement\":[{\"@type\":\"ListItem\",\"position\":1,\"name\":\"Home\",\"item\":\"https:\/\/www.carlaeusebi.com\/en\/\"},{\"@type\":\"ListItem\",\"position\":2,\"name\":\"Cerimonia\"}]},{\"@type\":\"WebSite\",\"@id\":\"https:\/\/www.carlaeusebi.com\/en\/#website\",\"url\":\"https:\/\/www.carlaeusebi.com\/en\/\",\"name\":\"Carla Eusebi\",\"description\":\"Sartoria su misura\",\"potentialAction\":[{\"@type\":\"SearchAction\",\"target\":{\"@type\":\"EntryPoint\",\"urlTemplate\":\"https:\/\/www.carlaeusebi.com\/en\/?s={search_term_string}\"},\"query-input\":\"required name=search_term_string\"}],\"inLanguage\":\"en-GB\"}]}<\/script>\n<!-- \/ Yoast SEO plugin. -->","yoast_head_json":{"title":"Collezione cerimonia | Carla Eusebi - Sartoria su misura","description":"Il disegno di moda \u00e8 una forma d\u2019arte. Ogni idea prende forma dallo schizzo dello stilista; l\u00ec \u00e8 racchiusa la sua personalit\u00e0 e tutta la sua creativit\u00e0.","robots":{"index":"index","follow":"follow","max-snippet":"max-snippet:-1","max-image-preview":"max-image-preview:large","max-video-preview":"max-video-preview:-1"},"canonical":"https:\/\/www.carlaeusebi.com\/en\/cerimonia\/","og_locale":"en_GB","og_type":"article","og_title":"Collezione cerimonia | Carla Eusebi - Sartoria su misura","og_description":"Il disegno di moda \u00e8 una forma d\u2019arte. Ogni idea prende forma dallo schizzo dello stilista; l\u00ec \u00e8 racchiusa la sua personalit\u00e0 e tutta la sua creativit\u00e0.","og_url":"https:\/\/www.carlaeusebi.com\/en\/cerimonia\/","og_site_name":"Carla Eusebi","article_modified_time":"2021-09-20T15:22:44+00:00","og_image":[{"url":"https:\/\/www.carlaeusebi.com\/work\/wp-content\/uploads\/2021\/09\/farfalla-singola.png"}],"twitter_card":"summary_large_image","twitter_misc":{"Estimated reading time":"1 minute"},"schema":{"@context":"https:\/\/schema.org","@graph":[{"@type":"WebPage","@id":"https:\/\/www.carlaeusebi.com\/cerimonia\/","url":"https:\/\/www.carlaeusebi.com\/cerimonia\/","name":"Collezione cerimonia | Carla Eusebi - Sartoria su misura","isPartOf":{"@id":"https:\/\/www.carlaeusebi.com\/en\/#website"},"datePublished":"2021-09-13T12:18:15+00:00","dateModified":"2021-09-20T15:22:44+00:00","description":"Il disegno di moda \u00e8 una forma d\u2019arte. Ogni idea prende forma dallo schizzo dello stilista; l\u00ec \u00e8 racchiusa la sua personalit\u00e0 e tutta la sua creativit\u00e0.","breadcrumb":{"@id":"https:\/\/www.carlaeusebi.com\/cerimonia\/#breadcrumb"},"inLanguage":"en-GB","potentialAction":[{"@type":"ReadAction","target":["https:\/\/www.carlaeusebi.com\/cerimonia\/"]}]},{"@type":"BreadcrumbList","@id":"https:\/\/www.carlaeusebi.com\/cerimonia\/#breadcrumb","itemListElement":[{"@type":"ListItem","position":1,"name":"Home","item":"https:\/\/www.carlaeusebi.com\/en\/"},{"@type":"ListItem","position":2,"name":"Cerimonia"}]},{"@type":"WebSite","@id":"https:\/\/www.carlaeusebi.com\/en\/#website","url":"https:\/\/www.carlaeusebi.com\/en\/","name":"Carla Eusebi","description":"Sartoria su misura","potentialAction":[{"@type":"SearchAction","target":{"@type":"EntryPoint","urlTemplate":"https:\/\/www.carlaeusebi.com\/en\/?s={search_term_string}"},"query-input":"required name=search_term_string"}],"inLanguage":"en-GB"}]}},"_links":{"self":[{"href":"https:\/\/www.carlaeusebi.com\/en\/wp-json\/wp\/v2\/pages\/391","targetHints":{"allow":["GET"]}}],"collection":[{"href":"https:\/\/www.carlaeusebi.com\/en\/wp-json\/wp\/v2\/pages"}],"about":[{"href":"https:\/\/www.carlaeusebi.com\/en\/wp-json\/wp\/v2\/types\/page"}],"author":[{"embeddable":true,"href":"https:\/\/www.carlaeusebi.com\/en\/wp-json\/wp\/v2\/users\/1"}],"replies":[{"embeddable":true,"href":"https:\/\/www.carlaeusebi.com\/en\/wp-json\/wp\/v2\/comments?post=391"}],"version-history":[{"count":14,"href":"https:\/\/www.carlaeusebi.com\/en\/wp-json\/wp\/v2\/pages\/391\/revisions"}],"predecessor-version":[{"id":941,"href":"https:\/\/www.carlaeusebi.com\/en\/wp-json\/wp\/v2\/pages\/391\/revisions\/941"}],"wp:attachment":[{"href":"https:\/\/www.carlaeusebi.com\/en\/wp-json\/wp\/v2\/media?parent=391"}],"curies":[{"name":"wp","href":"https:\/\/api.w.org\/{rel}","templated":true}]}}